{"id":2,"date":"2023-05-07T09:21:38","date_gmt":"2023-05-07T09:21:38","guid":{"rendered":"https:\/\/www.kirmizicevre.net\/?page_id=2"},"modified":"2023-05-07T10:23:12","modified_gmt":"2023-05-07T10:23:12","slug":"sample-page","status":"publish","type":"page","link":"https:\/\/www.kirmizicevre.net\/index.php\/sample-page\/","title":{"rendered":"K\u00f6t\u00fc bir \u00e7evre i\u00e7in hayat \u00e7ok k\u0131sa."},"content":{"rendered":"\n<p class=\"has-small-font-size\">Ercan YAL\u00c7IN<\/p>\n\n\n\n<p>\u00c7evre M\u00fchendisi<\/p>\n\n\n\n<blockquote class=\"wp-block-quote is-layout-flow wp-block-quote-is-layout-flow\">\n<p>1999 G\u00fcz d\u00f6nemi Uluda\u011f \u00dcniversitesi \u00c7evre M\u00fchendisli\u011fi mezunuyum.&nbsp;<br>Profesyonel i\u015f hayat\u0131ma Kas\u0131m 1999&#8217;da Penguen G\u0131da&#8217;da ba\u015flad\u0131m.&nbsp;<br>2003 y\u0131l\u0131nda vergi m\u00fckellefi oldum.<br>2008 y\u0131l\u0131nda limited \u015firketi sahibi oldum. Ve i\u015f hayat\u0131m\u0131za kendi yerimizde \u00f6z sermayemiz ile \u00e7al\u0131\u015fmaya devam etmekteyiz.<\/p>\n\n\n\n<p>KIRMIZI \u00c7EVRE TEKNOLOJ\u0130LER\u0130<\/p>\n\n\n\n<p>Alaaddinbey Mah. 614.Sk. Koyuncu \u0130\u015f Merkezi<\/p>\n\n\n\n<p>No:5 Kat:1 No:17 16120 Nilufer\/BURSA\/T\u00dcRK\u0130YE<\/p>\n\n\n\n<p>Tel &amp; Faks: +90 224 999 64 60 &amp; +90 224 413 50 24<\/p>\n\n\n\n<p>GSM(7\/24): +90 533 557 24 97<\/p>\n<\/blockquote>\n","protected":false},"excerpt":{"rendered":"<p>Ercan YAL\u00c7IN \u00c7evre M\u00fchendisi 1999 G\u00fcz d\u00f6nemi Uluda\u011f \u00dcniversitesi \u00c7evre M\u00fchendisli\u011fi mezunuyum.&nbsp;Profesyonel i\u015f hayat\u0131ma Kas\u0131m 1999&#8217;da Penguen G\u0131da&#8217;da ba\u015flad\u0131m.&nbsp;2003 y\u0131l\u0131nda vergi m\u00fckellefi oldum.2008 y\u0131l\u0131nda limited \u015firketi sahibi oldum. Ve i\u015f hayat\u0131m\u0131za kendi yerimizde \u00f6z sermayemiz ile \u00e7al\u0131\u015fmaya devam etmekteyiz. KIRMIZI \u00c7EVRE TEKNOLOJ\u0130LER\u0130 Alaaddinbey Mah. 614.Sk. Koyuncu \u0130\u015f Merkezi No:5 Kat:1 No:17 16120 Nilufer\/BURSA\/T\u00dcRK\u0130YE Tel &amp; [&hellip;]<\/p>\n","protected":false},"author":1,"featured_media":0,"parent":0,"menu_order":0,"comment_status":"closed","ping_status":"open","template":"","meta":{"footnotes":""},"class_list":["post-2","page","type-page","status-publish","hentry"],"_links":{"self":[{"href":"https:\/\/www.kirmizicevre.net\/index.php\/wp-json\/wp\/v2\/pages\/2","targetHints":{"allow":["GET"]}}],"collection":[{"href":"https:\/\/www.kirmizicevre.net\/index.php\/wp-json\/wp\/v2\/pages"}],"about":[{"href":"https:\/\/www.kirmizicevre.net\/index.php\/wp-json\/wp\/v2\/types\/page"}],"author":[{"embeddable":true,"href":"https:\/\/www.kirmizicevre.net\/index.php\/wp-json\/wp\/v2\/users\/1"}],"replies":[{"embeddable":true,"href":"https:\/\/www.kirmizicevre.net\/index.php\/wp-json\/wp\/v2\/comments?post=2"}],"version-history":[{"count":3,"href":"https:\/\/www.kirmizicevre.net\/index.php\/wp-json\/wp\/v2\/pages\/2\/revisions"}],"predecessor-version":[{"id":13,"href":"https:\/\/www.kirmizicevre.net\/index.php\/wp-json\/wp\/v2\/pages\/2\/revisions\/13"}],"wp:attachment":[{"href":"https:\/\/www.kirmizicevre.net\/index.php\/wp-json\/wp\/v2\/media?parent=2"}],"curies":[{"name":"wp","href":"https:\/\/api.w.org\/{rel}","templated":true}]}}